{"id":22,"date":"2022-08-25T10:45:27","date_gmt":"2022-08-25T13:45:27","guid":{"rendered":"http:\/\/localhost\/?page_id=22"},"modified":"2022-11-29T19:18:31","modified_gmt":"2022-11-29T22:18:31","slug":"instituciones","status":"publish","type":"page","link":"https:\/\/redsi.mdn.unp.edu.ar\/?page_id=22","title":{"rendered":"Instituciones"},"content":{"rendered":"\n<div class=\"wp-block-group\"><div class=\"wp-block-group__inner-container is-layout-flow wp-block-group-is-layout-flow\">\n<div class=\"wp-block-group alignfull\"><div class=\"wp-block-group__inner-container is-layout-flow wp-block-group-is-layout-flow\"><div  class=\"wp-block-ultimate-post-post-list-1 ultp-block-9a365c alignfull\"><div class=\"ultp-block-wrapper\"><div class=\"ultp-loading\"><div class=\"ultp-loading-blocks\" style=\"width:100%;height:100%;\"><div style=\"left: 0;top: 0;animation-delay:0s;\"><\/div><div style=\"left: 21px;top: 0;animation-delay:0.125s;\"><\/div><div style=\"left: 42px;top: 0;animation-delay:0.25s;\"><\/div><div style=\"left: 0;top: 21px;animation-delay:0.875s;\"><\/div><div style=\"left: 42px;top: 21px;animation-delay:0.375s;\"><\/div><div style=\"left: 0;top: 42px;animation-delay:0.75s;\"><\/div><div style=\"left: 42px;top: 42px;animation-delay:0.625s;\"><\/div><div style=\"left: 21px;top: 42px;animation-delay:0.5s;\"><\/div><\/div><\/div><div class=\"ultp-heading-filter\"><div class=\"ultp-heading-filter-in\"><div class=\"ultp-heading-wrap ultp-heading-style6 ultp-heading-left\"><h2 class=\"ultp-heading-inner\"><span>Instituciones<\/span><\/h2><\/div><div class=\"ultp-filter-navigation\"><\/div><\/div><\/div><div class=\"ultp-block-items-wrap ultp-block-row ultp-block-column-3 ultp-pl1a-style1 ultp-post-list1-layout1\"><div class=\"ultp-block-item post-id-514\"><div class=\"ultp-block-content-wrap\"><div class=\"ultp-block-entry-content\"><div class=\"ultp-block-entry-heading\"><h3 class=\"ultp-block-title \"><a href=\"https:\/\/redsi.mdn.unp.edu.ar\/?p=514\" >Hospital Isola &#8211; CAPS Ruca Calil<\/a><\/h3><\/div><\/div><div class=\"ultp-block-content\"><div class=\"ultp-block-excerpt\">Sitio web Contacto: Direcci\u00f3n: Zarlach esq. Albarrac\u00edn (Barrio Per\u00f3n), Puerto Madryn<\/div><\/div><\/div><\/div><div class=\"ultp-block-item post-id-512\"><div class=\"ultp-block-content-wrap\"><div class=\"ultp-block-entry-content\"><div class=\"ultp-block-entry-heading\"><h3 class=\"ultp-block-title \"><a href=\"https:\/\/redsi.mdn.unp.edu.ar\/?p=512\" >Hospital Isola \u2013 CAPS Roque Gonzalez<\/a><\/h3><\/div><\/div><div class=\"ultp-block-content\"><div class=\"ultp-block-excerpt\">Sitio web Contacto: Direcci\u00f3n: Jose Alberdi y Estivariz, Puerto Madryn<\/div><\/div><\/div><\/div><div class=\"ultp-block-item post-id-510\"><div class=\"ultp-block-content-wrap\"><div class=\"ultp-block-entry-content\"><div class=\"ultp-block-entry-heading\"><h3 class=\"ultp-block-title \"><a href=\"https:\/\/redsi.mdn.unp.edu.ar\/?p=510\" >Hospital Isola \u2013 CAPS Aristarain<\/a><\/h3><\/div><\/div><div class=\"ultp-block-content\"><div class=\"ultp-block-excerpt\">Sitio web Facebook Contacto Direcci\u00f3n: Av. Muzzio entre Necochea y Jos\u00e9 Menendez, Puerto Madryn<\/div><\/div><\/div><\/div><div class=\"ultp-block-item post-id-465\"><div class=\"ultp-block-content-wrap\"><div class=\"ultp-block-entry-content\"><div class=\"ultp-block-entry-heading\"><h3 class=\"ultp-block-title \"><a href=\"https:\/\/redsi.mdn.unp.edu.ar\/?p=465\" >Municipalidad de Puerto Madryn &#8211; Subsecretar\u00eda de Ni\u00f1ez Adolescencia y Familia<\/a><\/h3><\/div><\/div><div class=\"ultp-block-content\"><div class=\"ultp-block-excerpt\">Sitio web Contacto: Direcci\u00f3n: 9 de Julio y Bouchard, Puerto Madryn<\/div><\/div><\/div><\/div><div class=\"ultp-block-item post-id-463\"><div class=\"ultp-block-content-wrap\"><div class=\"ultp-block-entry-content\"><div class=\"ultp-block-entry-heading\"><h3 class=\"ultp-block-title \"><a href=\"https:\/\/redsi.mdn.unp.edu.ar\/?p=463\" >Municipalidad de Puerto Madryn &#8211; Subsecretar\u00eda de Atenci\u00f3n Primaria de la Salud<\/a><\/h3><\/div><\/div><div class=\"ultp-block-content\"><div class=\"ultp-block-excerpt\">Sitio web Contacto: Direcci\u00f3n: Bouchard y 9 de Julio, Puerto Madryn<\/div><\/div><\/div><\/div><div class=\"ultp-block-item post-id-461\"><div class=\"ultp-block-content-wrap\"><div class=\"ultp-block-entry-content\"><div class=\"ultp-block-entry-heading\"><h3 class=\"ultp-block-title \"><a href=\"https:\/\/redsi.mdn.unp.edu.ar\/?p=461\" >INSSJP PAMI CAP Madryn<\/a><\/h3><\/div><\/div><div class=\"ultp-block-content\"><div class=\"ultp-block-excerpt\">Sitio web Contacto: Direcci\u00f3n: Marcos A. Zar &#8211; N\u00ba 455, Puerto Madryn<\/div><\/div><\/div><\/div><div class=\"ultp-block-item post-id-445\"><div class=\"ultp-block-content-wrap\"><div class=\"ultp-block-entry-content\"><div class=\"ultp-block-entry-heading\"><h3 class=\"ultp-block-title \"><a href=\"https:\/\/redsi.mdn.unp.edu.ar\/?p=445\" >Municipalidad de Puerto Madryn &#8211; Direcci\u00f3n de prevenci\u00f3n de Adicciones y dispositivo comunitario de atenci\u00f3n territorial de SEDRONAR<\/a><\/h3><\/div><\/div><div class=\"ultp-block-content\"><div class=\"ultp-block-excerpt\">Sitio web Contacto: Direcci\u00f3n: Sarmiento 1235, Puerto Madryn<\/div><\/div><\/div><\/div><div class=\"ultp-block-item post-id-443\"><div class=\"ultp-block-content-wrap\"><div class=\"ultp-block-entry-content\"><div class=\"ultp-block-entry-heading\"><h3 class=\"ultp-block-title \"><a href=\"https:\/\/redsi.mdn.unp.edu.ar\/?p=443\" >Programa Federal Incluir Salud<\/a><\/h3><\/div><\/div><div class=\"ultp-block-content\"><div class=\"ultp-block-excerpt\">Sitio web Contacto:<\/div><\/div><\/div><\/div><div class=\"ultp-block-item post-id-441\"><div class=\"ultp-block-content-wrap\"><div class=\"ultp-block-entry-content\"><div class=\"ultp-block-entry-heading\"><h3 class=\"ultp-block-title \"><a href=\"https:\/\/redsi.mdn.unp.edu.ar\/?p=441\" >INADI<\/a><\/h3><\/div><\/div><div class=\"ultp-block-content\"><div class=\"ultp-block-excerpt\">Instituto Nacional contra la Discriminaci\u00f3n, la Xenofobia y el Racismo<\/div><\/div><\/div><\/div><div class=\"ultp-block-item post-id-438\"><div class=\"ultp-block-content-wrap\"><div class=\"ultp-block-entry-content\"><div class=\"ultp-block-entry-heading\"><h3 class=\"ultp-block-title \"><a href=\"https:\/\/redsi.mdn.unp.edu.ar\/?p=438\" >Defensa P\u00fablica &#8211; Servicio Social<\/a><\/h3><\/div><\/div><div class=\"ultp-block-content\"><div class=\"ultp-block-excerpt\">Sitio web Contacto: Direcci\u00f3n: Galina 160 &#8211; 1\u00ba piso, Puerto Madryn<\/div><\/div><\/div><\/div><div class=\"ultp-block-item post-id-434\"><div class=\"ultp-block-content-wrap\"><div class=\"ultp-block-entry-content\"><div class=\"ultp-block-entry-heading\"><h3 class=\"ultp-block-title \"><a href=\"https:\/\/redsi.mdn.unp.edu.ar\/?p=434\" >Defensa P\u00fablica &#8211; Asesor\u00eda de Familia<\/a><\/h3><\/div><\/div><div class=\"ultp-block-content\"><div class=\"ultp-block-excerpt\">Sitio Web Contacto: Direcci\u00f3n: Gobernador Galina N\u00b0160 &#8211; 1\u00ba piso, Puerto Madryn<\/div><\/div><\/div><\/div><div class=\"ultp-block-item post-id-414\"><div class=\"ultp-block-content-wrap\"><div class=\"ultp-block-entry-content\"><div class=\"ultp-block-entry-heading\"><h3 class=\"ultp-block-title \"><a href=\"https:\/\/redsi.mdn.unp.edu.ar\/?p=414\" >Municipalidad de Puerto Madryn &#8211; Servicio de Protecci\u00f3n de Ni\u00f1os Ni\u00f1as y Adolescentes<\/a><\/h3><\/div><\/div><div class=\"ultp-block-content\"><div class=\"ultp-block-excerpt\">Sitio web Contacto: Direcci\u00f3n: 9 de Julio y Bouchard, Puerto Madryn<\/div><\/div><\/div><\/div><\/div><div class=\"ultp-next-prev-wrap\" data-pages=\"4\" data-pagenum=\"1\" data-blockid=\"9a365c\" data-blockname=\"ultimate-post_post-list-1\" data-postid=\"22\" ><ul><li><a class=\"ultp-prev-action ultp-disable\" href=\"#\"><svg enable-background=\"new 0 0 477.175 477.175\" version=\"1.1\" viewBox=\"0 0 477.18 477.18\"><path d=\"m145.19 238.58 215.5-215.5c5.3-5.3 5.3-13.8 0-19.1s-13.8-5.3-19.1 0l-225.1 225.1c-5.3 5.3-5.3 13.8 0 19.1l225.1 225c2.6 2.6 6.1 4 9.5 4s6.9-1.3 9.5-4c5.3-5.3 5.3-13.8 0-19.1l-215.4-215.5z\"\/><\/svg><span class=\"screen-reader-text\">Previous<\/span><\/a><\/li><li><a class=\"ultp-next-action\"><svg enable-background=\"new 0 0 477.175 477.175\" version=\"1.1\" viewBox=\"0 0 477.18 477.18\"><path d=\"m360.73 229.08-225.1-225.1c-5.3-5.3-13.8-5.3-19.1 0s-5.3 13.8 0 19.1l215.5 215.5-215.5 215.5c-5.3 5.3-5.3 13.8 0 19.1 2.6 2.6 6.1 4 9.5 4s6.9-1.3 9.5-4l225.1-225.1c5.3-5.2 5.3-13.8 0.1-19z\"\/><\/svg><span class=\"screen-reader-text\">Next<\/span><\/a><\/li><\/ul><\/div><\/div><\/div><\/div><\/div>\n<\/div><\/div>\n","protected":false},"excerpt":{"rendered":"","protected":false},"author":1,"featured_media":0,"parent":25,"menu_order":0,"comment_status":"closed","ping_status":"closed","template":"","meta":{"footnotes":""},"class_list":["post-22","page","type-page","status-publish","hentry"],"_links":{"self":[{"href":"https:\/\/redsi.mdn.unp.edu.ar\/index.php?rest_route=\/wp\/v2\/pages\/22","targetHints":{"allow":["GET"]}}],"collection":[{"href":"https:\/\/redsi.mdn.unp.edu.ar\/index.php?rest_route=\/wp\/v2\/pages"}],"about":[{"href":"https:\/\/redsi.mdn.unp.edu.ar\/index.php?rest_route=\/wp\/v2\/types\/page"}],"author":[{"embeddable":true,"href":"https:\/\/redsi.mdn.unp.edu.ar\/index.php?rest_route=\/wp\/v2\/users\/1"}],"replies":[{"embeddable":true,"href":"https:\/\/redsi.mdn.unp.edu.ar\/index.php?rest_route=%2Fwp%2Fv2%2Fcomments&post=22"}],"version-history":[{"count":5,"href":"https:\/\/redsi.mdn.unp.edu.ar\/index.php?rest_route=\/wp\/v2\/pages\/22\/revisions"}],"predecessor-version":[{"id":437,"href":"https:\/\/redsi.mdn.unp.edu.ar\/index.php?rest_route=\/wp\/v2\/pages\/22\/revisions\/437"}],"up":[{"embeddable":true,"href":"https:\/\/redsi.mdn.unp.edu.ar\/index.php?rest_route=\/wp\/v2\/pages\/25"}],"wp:attachment":[{"href":"https:\/\/redsi.mdn.unp.edu.ar\/index.php?rest_route=%2Fwp%2Fv2%2Fmedia&parent=22"}],"curies":[{"name":"wp","href":"https:\/\/api.w.org\/{rel}","templated":true}]}}